{"id":291,"date":"2024-03-28T14:40:36","date_gmt":"2024-03-28T14:40:36","guid":{"rendered":"https:\/\/betkingwood.com\/bet-king-a-melhor-experiencia-de-apostas-na-nigeria\/"},"modified":"2024-05-02T16:34:14","modified_gmt":"2024-05-02T15:34:14","slug":"bet-king-a-melhor-experiencia-de-apostas-na-nigeria","status":"publish","type":"page","link":"https:\/\/betkingwood.com\/pt-br\/","title":{"rendered":"Bet King: a melhor experi\u00eancia de apostas na Brazil"},"content":{"rendered":"\r\n<figure class=\"bnxeEWCAe2 JwsJBhnX4wvOO size-large is-resized main-image\"><a href=\"https:\/\/sbtm.pro\/L1LtXk?sub_id_2=betkingwood.com&amp;sub_id_3={sub3}&amp;sub_id_4={sub4}&amp;sub_id_5={sub5}&amp;sub_id_6={sub6}\"><img decoding=\"async\" class=\"alignnone size-full wp-image-376\" style=\"width: 100%;\" src=\"https:\/\/betkingwood.com\/wp-content\/uploads\/2024\/01\/d.png\" alt=\"\" \/><\/a><\/figure>\r\n\r\n<figure class=\"bnxeEWCAe2 JwsJBhnX4wvOO size-large is-resized weODaqfg8pOCpA\"><a href=\"https:\/\/sbtm.pro\/L1LtXk?sub_id_2=betkingwood.com&amp;sub_id_3={sub3}&amp;sub_id_4={sub4}&amp;sub_id_5={sub5}&amp;sub_id_6={sub6}\"><img decoding=\"async\" class=\"alignnone size-full wp-image-138\" src=\"https:\/\/betkingwood.com\/wp-content\/uploads\/2024\/01\/betmob1.png\" alt=\"\" \/><\/a><\/figure>\r\n<div style=\"margin: auto; max-width: 1200px; padding-left: 10px; padding-right: 10px;\">\r\n\r\n\r\n<div class=\"TNbEQZCPwIOB is-layout-constrained wp-block-group-is-layout-constrained\">\r\n<h1 class=\"wp-block-heading\">Bet King: a melhor experi\u00eancia de apostas no Brasil<\/h1>\r\n\r\n\r\n\r\n<p>Passando por uma sequ\u00eancia de marcos estrat\u00e9gicos, a Bet King consolidou sua reputa\u00e7\u00e3o como uma plataforma confi\u00e1vel de apostas esportivas. Inaugurada em fevereiro de 2018, essa empresa ampliou seu escopo, posicionando-se como um concorrente poderoso no dom\u00ednio das apostas esportivas.<\/p>\r\n<p>A trajet\u00f3ria da Bet King reflete a dedica\u00e7\u00e3o constante em oferecer experi\u00eancias de apostas de alto n\u00edvel. Sua plataforma s\u00f3lida est\u00e1 repleta de uma gama diversificada de op\u00e7\u00f5es esportivas e probabilidades atraentes. Isso garante n\u00e3o apenas um ambiente din\u00e2mico, mas tamb\u00e9m seguro para os aficionados por apostas.<\/p>\r\n<\/div>\r\n\r\n\r\n\r\n<div class=\"TNbEQZCPwIOB is-layout-constrained wp-block-group-is-layout-constrained\">\r\n<div class=\"ueKgk4NLknW is-layout-flex wp-container-core-columns-is-layout-1 wp-block-columns-is-layout-flex\">\r\n<div class=\"lvIlGg5V is-layout-flow wp-block-column-is-layout-flow\" style=\"flex-basis: 28.5%;\">\r\n<figure class=\"bnxeEWCAe2 size-full\"><img loading=\"lazy\" decoding=\"async\" class=\"wp-image-53 aligncenter\" src=\"https:\/\/betkingwood.com\/wp-content\/uploads\/2024\/01\/image1.png\" alt=\"\" width=\"312\" height=\"757\" \/><\/figure>\r\n<\/div>\r\n\r\n\r\n\r\n<div class=\"lvIlGg5V is-layout-flow wp-block-column-is-layout-flow\" style=\"flex-basis: 75%;\">\r\n<figure class=\"VNChibiab aligncenter\">\r\n<table>\r\n<tbody>\r\n<tr>\r\n<td>Brand<\/td>\r\n<td>Betking<\/td>\r\n<\/tr>\r\n<tr>\r\n<td>Market<\/td>\r\n<td>Brazil<\/td>\r\n<\/tr>\r\n<tr>\r\n<td>Fundador e propriet\u00e1rio<\/td>\r\n<td>SV Gaming Ltd<\/td>\r\n<\/tr>\r\n<tr>\r\n<td>Ano de funda\u00e7\u00e3o<\/td>\r\n<td>2018<\/td>\r\n<\/tr>\r\n<tr>\r\n<td>Licen\u00e7a para jogos de azar<\/td>\r\n<td>IBIA<\/td>\r\n<\/tr>\r\n<tr>\r\n<td>Idiomas dispon\u00edveis<\/td>\r\n<td>English<\/td>\r\n<\/tr>\r\n<tr>\r\n<td>Moedas dispon\u00edveis<\/td>\r\n<td>Naira<\/td>\r\n<\/tr>\r\n<tr>\r\n<td>Servi\u00e7os<\/td>\r\n<td>Apostas on-line, e-sports, esportes virtuais<\/td>\r\n<\/tr>\r\n<tr>\r\n<td>Tipos de apostas e formato das probabilidades<\/td>\r\n<td>Pr\u00e9-jogo, ao vivo<\/td>\r\n<\/tr>\r\n<tr>\r\n<td>M\u00e9todos de pagamento<\/td>\r\n<td>Cart\u00f5es banc\u00e1rios, carteiras eletr\u00f4nicas, transfer\u00eancias banc\u00e1rias<\/td>\r\n<\/tr>\r\n<tr>\r\n<td>Valor m\u00ednimo de dep\u00f3sito<\/td>\r\n<td>N100<\/td>\r\n<\/tr>\r\n<tr>\r\n<td>Valor m\u00ednimo de saque<\/td>\r\n<td>N1,000<\/td>\r\n<\/tr>\r\n<tr>\r\n<td>Valor m\u00e1ximo de saque<\/td>\r\n<td>N10,000,000<\/td>\r\n<\/tr>\r\n<tr>\r\n<td>Tempo de retirada<\/td>\r\n<td>1-8 days<\/td>\r\n<\/tr>\r\n<tr>\r\n<td>Disciplinas esportivas<\/td>\r\n<td>over 20<\/td>\r\n<\/tr>\r\n<tr>\r\n<td>Plataformas<\/td>\r\n<td>Desktop e celular<\/td>\r\n<\/tr>\r\n<tr>\r\n<td>Transmiss\u00f5es ao vivo<\/td>\r\n<td>Sim<\/td>\r\n<\/tr>\r\n<tr>\r\n<td>B\u00f4nus e promo\u00e7\u00f5es<\/td>\r\n<td>B\u00f4nus de boas-vindas, promo\u00e7\u00f5es de dep\u00f3sito, cashback, apostas gr\u00e1tis<\/td>\r\n<\/tr>\r\n<tr>\r\n<td>Suporte ao cliente<\/td>\r\n<td>Bate-papo ao vivo, e-mail, n\u00famero de telefone, m\u00eddia social<\/td>\r\n<\/tr>\r\n<\/tbody>\r\n<\/table>\r\n<\/figure>\r\n<\/div>\r\n<\/div>\r\n<\/div>\r\n\r\n\r\n\r\n<div class=\"ZPKHrhmrDpV7QA is-content-justification-center is-layout-flex wp-container-core-buttons-is-layout-4 wp-block-buttons-is-layout-flex\">\r\n\r\n\r\n<div class=\"gTaiROhZP UbNEhbQEt9\"><a class=\"jbGtSywb9cJ9 MtDWOmP7gJ ypqgpBm9Lh1P WknxWXB3tphOJ\" href=\"https:\/\/sbtm.pro\/L1LtXk?sub_id_2=betkingwood.com&amp;sub_id_3={sub3}&amp;sub_id_4={sub4}&amp;sub_id_5={sub5}&amp;sub_id_6={sub6}\" rel=\"nofollow\">PLAY<\/a><\/div>\r\n<\/div>\r\n<div class=\"TNbEQZCPwIOB\">\r\n<h2 class=\"wp-block-heading\">Esportes Bet King<\/h2>\r\n<p>Oferecendo uma gama diversificada de esportes, a plataforma da Bet King \u00e9 uma verdadeira mina de ouro para aqueles que se envolvem fervorosamente em atividades de apostas. A variedade de esportes apresentada, completa com uma infinidade de linhas de apostas, atesta a dedica\u00e7\u00e3o da plataforma em oferecer uma experi\u00eancia de apostas diversificada com o objetivo de aumentar a emo\u00e7\u00e3o de seus usu\u00e1rios. Uma pr\u00e9via dos esportes mais populares na Bet King, juntamente com as op\u00e7\u00f5es de apostas atraentes, invariavelmente mant\u00e9m os apostadores cativados e prontos para a a\u00e7\u00e3o.<\/p>\r\n<p>Mergulhe em um reino repleto de oportunidades nas apostas de futebol &#8211; explore mercados que v\u00e3o desde 1\u00d72 at\u00e9 o potencial de pontua\u00e7\u00e3o de ambos os times, totais acima\/abaixo, previs\u00f5es precisas de pontua\u00e7\u00e3o e v\u00e1rias op\u00e7\u00f5es de handicap. No basquete, busque a vit\u00f3ria usando uma variedade de estrat\u00e9gias de apostas, como total de pontos, o mercado 1\u00d72, apostas acima\/abaixo, apostas handicap, previs\u00e3o do pr\u00f3ximo gol e resultados no intervalo\/tempo integral.<\/p>\r\n<p>Os entusiastas do t\u00eanis podem aumentar a emo\u00e7\u00e3o do jogo fazendo apostas em v\u00e1rios resultados, como confrontos diretos, previs\u00e3o de vencedores de sets e utiliza\u00e7\u00e3o de handicaps para nivelar o campo de jogo. Para aumentar seus ganhos, mergulhe no din\u00e2mico mundo do v\u00f4lei, armado com uma s\u00e9rie de possibilidades de apostas para executar a cravada perfeita. Entre no gelo das apostas no empolgante jogo de h\u00f3quei no gelo, explorando as possibilidades de apostas como a soma de pontos marcados e v\u00e1rias desvantagens para elevar as apostas.<\/p>\r\n<p>Beisebol: Fa\u00e7a um home run com uma variedade de linhas de apostas dispon\u00edveis. No reino do automobilismo, \u00e9 poss\u00edvel aumentar a emo\u00e7\u00e3o das apostas explorando uma gama diversificada de possibilidades de apostas. Mergulhe no mundo dos esportes de nicho, como futsal e handebol, onde mercados de apostas especializados aguardam os entusiastas. O Bet King tem como atra\u00e7\u00e3o principal o recurso de apostas ao vivo, que oferece oportunidades de apostas em tempo real em futebol, t\u00eanis, basquete e v\u00e1rios outros esportes importantes. Esse recurso permite que os jogadores mergulhem na emo\u00e7\u00e3o \u00e0 medida que a a\u00e7\u00e3o se desenrola, permanecendo envolvidos com cada momento do jogo.<\/p>\r\n<\/div>\r\n<p><img loading=\"lazy\" decoding=\"async\" class=\"alignnone size-full wp-image-123\" src=\"https:\/\/betkingwood.com\/wp-content\/uploads\/2024\/01\/image2.png\" alt=\"\" width=\"1883\" height=\"681\" srcset=\"https:\/\/betkingwood.com\/wp-content\/uploads\/2024\/01\/image2.png 1883w, https:\/\/betkingwood.com\/wp-content\/uploads\/2024\/01\/image2-300x108.png 300w, https:\/\/betkingwood.com\/wp-content\/uploads\/2024\/01\/image2-1024x370.png 1024w, https:\/\/betkingwood.com\/wp-content\/uploads\/2024\/01\/image2-768x278.png 768w, https:\/\/betkingwood.com\/wp-content\/uploads\/2024\/01\/image2-1536x556.png 1536w\" sizes=\"(max-width: 1883px) 100vw, 1883px\" \/><\/p>\r\n\r\n\r\n\r\n<div class=\"ZPKHrhmrDpV7QA is-content-justification-center is-layout-flex wp-container-core-buttons-is-layout-1 wp-block-buttons-is-layout-flex\">\r\n\r\n\r\n<div class=\"gTaiROhZP UbNEhbQEt9\"><a class=\"jbGtSywb9cJ9 MtDWOmP7gJ ypqgpBm9Lh1P WknxWXB3tphOJ\" href=\"https:\/\/sbtm.pro\/L1LtXk?sub_id_2=betkingwood.com&amp;sub_id_3={sub3}&amp;sub_id_4={sub4}&amp;sub_id_5={sub5}&amp;sub_id_6={sub6}\" rel=\"nofollow\">PLAY<\/a><\/div>\r\n<\/div>\r\n\r\n\r\n\r\n<div class=\"TNbEQZCPwIOB is-layout-constrained wp-block-group-is-layout-constrained\">\r\n<h2 class=\"wp-block-heading\">Bet King Brazil<\/h2>\r\n\r\n\r\n\r\n<p>A Bet King Brazil brilha como uma refer\u00eancia no cen\u00e1rio de apostas no Brasil, oferecendo uma gama de servi\u00e7os projetados com o mercado local em mente. A partir de Adis Abeba, os apostadores desfrutam de uma rica variedade de op\u00e7\u00f5es de apostas, com transa\u00e7\u00f5es realizadas por meio de m\u00e9todos de pagamento bem conhecidos. Incorporada \u00e0 ess\u00eancia animada dos apostadores brasileiros, essa joia nativa oferece uma experi\u00eancia personalizada, tratando cada usu\u00e1rio com o respeito digno da nobreza. Com uma dedica\u00e7\u00e3o inabal\u00e1vel \u00e0 popula\u00e7\u00e3o brasileira de apostadores, a Bet King se estabeleceu como uma marca de apostas esportivas conhecida e reverenciada em todo o pa\u00eds.<\/p>\r\n\r\n\r\n\r\n\r\n<\/div>\r\n<div class=\"TNbEQZCPwIOB\">\r\n\r\n\r\n<h2 class=\"wp-block-heading\">Conta Bet King<\/h2>\r\n\r\n\r\n\r\n<p>O in\u00edcio de sua aventura com Bet King envolve um registro r\u00e1pido e sem esfor\u00e7o que abre caminho para uma aventura de apostas personalizada. \u00c0 medida que os usu\u00e1rios se aprofundam nessa jornada, eles lidam com suas contas com a delicadeza de jogadores experientes. O charme do dom\u00ednio da Bet King tem duas vertentes: o foco nas necessidades dos usu\u00e1rios e as vantagens excepcionais exclusivas para sua comunidade. Oferecendo tudo, desde a sedu\u00e7\u00e3o de poss\u00edveis apostas gr\u00e1tis at\u00e9 a emo\u00e7\u00e3o de ganhar o Jackpot Kingmaker, cada aspecto \u00e9 criado para elevar a jornada de apostas, fazendo com que os usu\u00e1rios se sintam como a verdadeira realeza do mundo das apostas.<\/p>\r\n\r\n\r\n\r\n<div class=\"ZPKHrhmrDpV7QA is-content-justification-center is-layout-flex wp-container-core-buttons-is-layout-2 wp-block-buttons-is-layout-flex\">\r\n\r\n\r\n<div class=\"gTaiROhZP UbNEhbQEt9\">\u00a0<\/div>\r\n<div class=\"gTaiROhZP UbNEhbQEt9\"><a class=\"jbGtSywb9cJ9 MtDWOmP7gJ ypqgpBm9Lh1P WknxWXB3tphOJ\" href=\"https:\/\/sbtm.pro\/L1LtXk?sub_id_2=betkingwood.com&amp;sub_id_3={sub3}&amp;sub_id_4={sub4}&amp;sub_id_5={sub5}&amp;sub_id_6={sub6}\" rel=\"nofollow\">PLAY<\/a><\/div>\r\n<\/div>\r\n\r\n\r\n\r\n<h2 class=\"wp-block-heading\">Registration process<\/h2>\r\n\r\n\r\n\r\n<p>Entre no dom\u00ednio da Bet King iniciando um processo de registro caracterizado por sua natureza segura e direta. Comece essa jornada selecionando o bot\u00e3o &#8220;Join Now&#8221;, forne\u00e7a suas informa\u00e7\u00f5es pessoais e estabele\u00e7a uma senha segura. Em seguida, \u00e9 necess\u00e1ria a verifica\u00e7\u00e3o da conta, que serve como chave para uma infinidade de op\u00e7\u00f5es de apostas. Com a utiliza\u00e7\u00e3o do c\u00f3digo promocional Bet King, \u00e9 poss\u00edvel iniciar uma odisseia de apostas personalizadas que representa o auge das experi\u00eancias de jogos on-line.<\/p>\r\n\r\n\r\n\r\n<p class=\"wp-block-heading\">\u00a0<\/p>\r\n\r\n\r\n\r\n\r\n\r\n<h2 class=\"wp-block-heading\">Withdrawal of funds<\/h2>\r\n\r\n\r\n\r\n<p>O processo de retirada de ganhos na Bet King \u00e9 simples e econ\u00f4mico, pois a plataforma n\u00e3o imp\u00f5e taxas para transfer\u00eancias banc\u00e1rias. As transa\u00e7\u00f5es tendem a ser realizadas rapidamente; no entanto, \u00e9 aconselh\u00e1vel conversar com seu banco sobre quaisquer poss\u00edveis taxas que possam ser cobradas para o recebimento de fundos. Isso garante que voc\u00ea possa desfrutar plenamente dos lucros obtidos.<\/p>\r\n<\/div>\r\n\r\n\r\n\r\n<div class=\"TNbEQZCPwIOB is-layout-constrained wp-block-group-is-layout-constrained\">\r\n<h2 class=\"wp-block-heading\">Mobile Betting options<\/h2>\r\n\r\n\r\n\r\n<p>O portal m\u00f3vel da Bet King se destaca por permitir apostas com facilidade enquanto se est\u00e1 em movimento. Alinhado com a vers\u00e3o para desktop, o design dessa plataforma \u00e9 de f\u00e1cil utiliza\u00e7\u00e3o, garantindo uma navega\u00e7\u00e3o r\u00e1pida para apostas ao vivo, ligas virtuais e uma variedade escolhida a dedo de jogos atuais. Acess\u00edvel por meio do aplicativo para Android ou de um site otimizado para dispositivos m\u00f3veis, esse portal garante aos apostadores uma experi\u00eancia de apostas elegante que permite que eles participem das apostas independentemente de sua localiza\u00e7\u00e3o, garantindo assim que n\u00e3o percam nenhuma oportunidade de fazer suas apostas.<\/p>\r\n\r\n\r\n\r\n<figure class=\"bnxeEWCAe2 aligncenter size-large KCEEBanF7VJ5\"><img decoding=\"async\" class=\"wp-image-69 aligncenter\" src=\"https:\/\/betkingwood.com\/wp-content\/uploads\/2024\/01\/betkingbonus02.png\" alt=\"\" \/><\/figure>\r\n\r\n\r\n\r\n<div class=\"ZPKHrhmrDpV7QA is-content-justification-center is-layout-flex wp-container-core-buttons-is-layout-3 wp-block-buttons-is-layout-flex\">\r\n\r\n\r\n<div class=\"gTaiROhZP UbNEhbQEt9\"><a class=\"jbGtSywb9cJ9 MtDWOmP7gJ ypqgpBm9Lh1P WknxWXB3tphOJ\" href=\"https:\/\/sbtm.pro\/L1LtXk?sub_id_2=betkingwood.com&amp;sub_id_3={sub3}&amp;sub_id_4={sub4}&amp;sub_id_5={sub5}&amp;sub_id_6={sub6}\" rel=\"nofollow\">PLAY<\/a><\/div>\r\n<\/div>\r\n<\/div>\r\n\r\n\r\n\r\n<div class=\"TNbEQZCPwIOB is-layout-constrained wp-block-group-is-layout-constrained\">\r\n<h2 class=\"wp-block-heading\">Bet King mobile app<\/h2>\r\n\r\n\r\n\r\n<p>O site m\u00f3vel da Bet King se destaca como um modelo de conveni\u00eancia para os usu\u00e1rios, fornecendo servi\u00e7os prontamente sem a necessidade de nenhum download. Navega\u00e7\u00e3o r\u00e1pida para esportes, apostas ao vivo e jogos de cassino. Vers\u00e3o lite de baixo consumo de dados para uso econ\u00f4mico. Recursos como saque, reserva de apostas e edi\u00e7\u00e3o de cupons. Garantindo uma experi\u00eancia impec\u00e1vel ao fazer apostas em v\u00e1rios dispositivos, essa poderosa plataforma combina velocidade e funcionalidade, estabelecendo as bases para uma jornada excepcional no mundo das apostas.<\/p>\r\n\r\n\r\n<!-- \/wp:group --><\/div>\r\n<\/div>","protected":false},"excerpt":{"rendered":"","protected":false},"author":1,"featured_media":0,"parent":0,"menu_order":0,"comment_status":"closed","ping_status":"closed","template":"","meta":{"_uag_custom_page_level_css":"","footnotes":""},"yoast_head":"<!-- This site is optimized with the Yoast SEO plugin v22.6 - https:\/\/yoast.com\/wordpress\/plugins\/seo\/ -->\n<title>Bet King: b\u00f4nus de dep\u00f3sito de 150% para jogadores do Brasil<\/title>\n<meta name=\"description\" content=\"Explore o mundo das apostas online no Bet King. D\u00ea uma olhada profunda nas condi\u00e7\u00f5es e funcionalidades oferecidas.\" \/>\n<meta name=\"robots\" content=\"index, follow, max-snippet:-1, max-image-preview:large, max-video-preview:-1\" \/>\n<link rel=\"canonical\" href=\"https:\/\/betkingwood.com\/pt-br\/\" \/>\n<meta property=\"og:locale\" content=\"pt_BR\" \/>\n<meta property=\"og:type\" content=\"article\" \/>\n<meta property=\"og:title\" content=\"Bet King: b\u00f4nus de dep\u00f3sito de 150% para jogadores do Brasil\" \/>\n<meta property=\"og:description\" content=\"Explore o mundo das apostas online no Bet King. D\u00ea uma olhada profunda nas condi\u00e7\u00f5es e funcionalidades oferecidas.\" \/>\n<meta property=\"og:url\" content=\"https:\/\/betkingwood.com\/pt-br\/\" \/>\n<meta property=\"og:site_name\" content=\"betkingwood.com\" \/>\n<meta property=\"article:modified_time\" content=\"2024-05-02T15:34:14+00:00\" \/>\n<meta property=\"og:image\" content=\"https:\/\/betkingwood.com\/wp-content\/uploads\/2024\/01\/d.png\" \/>\n<meta name=\"twitter:card\" content=\"summary_large_image\" \/>\n<meta name=\"twitter:label1\" content=\"Est. tempo de leitura\" \/>\n\t<meta name=\"twitter:data1\" content=\"6 minutos\" \/>\n<script type=\"application\/ld+json\" class=\"yoast-schema-graph\">{\"@context\":\"https:\/\/schema.org\",\"@graph\":[{\"@type\":\"WebPage\",\"@id\":\"https:\/\/betkingwood.com\/pt-br\/\",\"url\":\"https:\/\/betkingwood.com\/pt-br\/\",\"name\":\"Bet King: b\u00f4nus de dep\u00f3sito de 150% para jogadores do Brasil\",\"isPartOf\":{\"@id\":\"https:\/\/betkingwood.com\/#website\"},\"primaryImageOfPage\":{\"@id\":\"https:\/\/betkingwood.com\/pt-br\/#primaryimage\"},\"image\":{\"@id\":\"https:\/\/betkingwood.com\/pt-br\/#primaryimage\"},\"thumbnailUrl\":\"https:\/\/betkingwood.com\/wp-content\/uploads\/2024\/01\/d.png\",\"datePublished\":\"2024-03-28T14:40:36+00:00\",\"dateModified\":\"2024-05-02T15:34:14+00:00\",\"description\":\"Explore o mundo das apostas online no Bet King. D\u00ea uma olhada profunda nas condi\u00e7\u00f5es e funcionalidades oferecidas.\",\"breadcrumb\":{\"@id\":\"https:\/\/betkingwood.com\/pt-br\/#breadcrumb\"},\"inLanguage\":\"pt-BR\",\"potentialAction\":[{\"@type\":\"ReadAction\",\"target\":[\"https:\/\/betkingwood.com\/pt-br\/\"]}]},{\"@type\":\"ImageObject\",\"inLanguage\":\"pt-BR\",\"@id\":\"https:\/\/betkingwood.com\/pt-br\/#primaryimage\",\"url\":\"https:\/\/betkingwood.com\/wp-content\/uploads\/2024\/01\/d.png\",\"contentUrl\":\"https:\/\/betkingwood.com\/wp-content\/uploads\/2024\/01\/d.png\"},{\"@type\":\"BreadcrumbList\",\"@id\":\"https:\/\/betkingwood.com\/pt-br\/#breadcrumb\",\"itemListElement\":[{\"@type\":\"ListItem\",\"position\":1,\"name\":\"Home\",\"item\":\"https:\/\/betkingwood.com\/pt-br\/\"},{\"@type\":\"ListItem\",\"position\":2,\"name\":\"Bet King: a melhor experi\u00eancia de apostas na Brazil\"}]},{\"@type\":\"WebSite\",\"@id\":\"https:\/\/betkingwood.com\/#website\",\"url\":\"https:\/\/betkingwood.com\/\",\"name\":\"betkingwood.com\",\"description\":\"\",\"publisher\":{\"@id\":\"https:\/\/betkingwood.com\/#organization\"},\"potentialAction\":[{\"@type\":\"SearchAction\",\"target\":{\"@type\":\"EntryPoint\",\"urlTemplate\":\"https:\/\/betkingwood.com\/?s={search_term_string}\"},\"query-input\":\"required name=search_term_string\"}],\"inLanguage\":\"pt-BR\"},{\"@type\":\"Organization\",\"@id\":\"https:\/\/betkingwood.com\/#organization\",\"name\":\"betkingwood.com\",\"url\":\"https:\/\/betkingwood.com\/\",\"logo\":{\"@type\":\"ImageObject\",\"inLanguage\":\"pt-BR\",\"@id\":\"https:\/\/betkingwood.com\/#\/schema\/logo\/image\/\",\"url\":\"https:\/\/betkingwood.com\/wp-content\/uploads\/2024\/01\/cropped-1.png\",\"contentUrl\":\"https:\/\/betkingwood.com\/wp-content\/uploads\/2024\/01\/cropped-1.png\",\"width\":156,\"height\":70,\"caption\":\"betkingwood.com\"},\"image\":{\"@id\":\"https:\/\/betkingwood.com\/#\/schema\/logo\/image\/\"}}]}<\/script>\n<!-- \/ Yoast SEO plugin. -->","yoast_head_json":{"title":"Bet King: b\u00f4nus de dep\u00f3sito de 150% para jogadores do Brasil","description":"Explore o mundo das apostas online no Bet King. D\u00ea uma olhada profunda nas condi\u00e7\u00f5es e funcionalidades oferecidas.","robots":{"index":"index","follow":"follow","max-snippet":"max-snippet:-1","max-image-preview":"max-image-preview:large","max-video-preview":"max-video-preview:-1"},"canonical":"https:\/\/betkingwood.com\/pt-br\/","og_locale":"pt_BR","og_type":"article","og_title":"Bet King: b\u00f4nus de dep\u00f3sito de 150% para jogadores do Brasil","og_description":"Explore o mundo das apostas online no Bet King. D\u00ea uma olhada profunda nas condi\u00e7\u00f5es e funcionalidades oferecidas.","og_url":"https:\/\/betkingwood.com\/pt-br\/","og_site_name":"betkingwood.com","article_modified_time":"2024-05-02T15:34:14+00:00","og_image":[{"url":"https:\/\/betkingwood.com\/wp-content\/uploads\/2024\/01\/d.png"}],"twitter_card":"summary_large_image","twitter_misc":{"Est. tempo de leitura":"6 minutos"},"schema":{"@context":"https:\/\/schema.org","@graph":[{"@type":"WebPage","@id":"https:\/\/betkingwood.com\/pt-br\/","url":"https:\/\/betkingwood.com\/pt-br\/","name":"Bet King: b\u00f4nus de dep\u00f3sito de 150% para jogadores do Brasil","isPartOf":{"@id":"https:\/\/betkingwood.com\/#website"},"primaryImageOfPage":{"@id":"https:\/\/betkingwood.com\/pt-br\/#primaryimage"},"image":{"@id":"https:\/\/betkingwood.com\/pt-br\/#primaryimage"},"thumbnailUrl":"https:\/\/betkingwood.com\/wp-content\/uploads\/2024\/01\/d.png","datePublished":"2024-03-28T14:40:36+00:00","dateModified":"2024-05-02T15:34:14+00:00","description":"Explore o mundo das apostas online no Bet King. D\u00ea uma olhada profunda nas condi\u00e7\u00f5es e funcionalidades oferecidas.","breadcrumb":{"@id":"https:\/\/betkingwood.com\/pt-br\/#breadcrumb"},"inLanguage":"pt-BR","potentialAction":[{"@type":"ReadAction","target":["https:\/\/betkingwood.com\/pt-br\/"]}]},{"@type":"ImageObject","inLanguage":"pt-BR","@id":"https:\/\/betkingwood.com\/pt-br\/#primaryimage","url":"https:\/\/betkingwood.com\/wp-content\/uploads\/2024\/01\/d.png","contentUrl":"https:\/\/betkingwood.com\/wp-content\/uploads\/2024\/01\/d.png"},{"@type":"BreadcrumbList","@id":"https:\/\/betkingwood.com\/pt-br\/#breadcrumb","itemListElement":[{"@type":"ListItem","position":1,"name":"Home","item":"https:\/\/betkingwood.com\/pt-br\/"},{"@type":"ListItem","position":2,"name":"Bet King: a melhor experi\u00eancia de apostas na Brazil"}]},{"@type":"WebSite","@id":"https:\/\/betkingwood.com\/#website","url":"https:\/\/betkingwood.com\/","name":"betkingwood.com","description":"","publisher":{"@id":"https:\/\/betkingwood.com\/#organization"},"potentialAction":[{"@type":"SearchAction","target":{"@type":"EntryPoint","urlTemplate":"https:\/\/betkingwood.com\/?s={search_term_string}"},"query-input":"required name=search_term_string"}],"inLanguage":"pt-BR"},{"@type":"Organization","@id":"https:\/\/betkingwood.com\/#organization","name":"betkingwood.com","url":"https:\/\/betkingwood.com\/","logo":{"@type":"ImageObject","inLanguage":"pt-BR","@id":"https:\/\/betkingwood.com\/#\/schema\/logo\/image\/","url":"https:\/\/betkingwood.com\/wp-content\/uploads\/2024\/01\/cropped-1.png","contentUrl":"https:\/\/betkingwood.com\/wp-content\/uploads\/2024\/01\/cropped-1.png","width":156,"height":70,"caption":"betkingwood.com"},"image":{"@id":"https:\/\/betkingwood.com\/#\/schema\/logo\/image\/"}}]}},"uagb_featured_image_src":{"full":false,"thumbnail":false,"medium":false,"medium_large":false,"large":false,"1536x1536":false,"2048x2048":false},"uagb_author_info":{"display_name":"sol_casino20","author_link":"https:\/\/betkingwood.com\/pt-br\/author\/betkingwood.com\/pt-br\/"},"uagb_comment_info":0,"uagb_excerpt":null,"_links":{"self":[{"href":"https:\/\/betkingwood.com\/pt-br\/wp-json\/wp\/v2\/pages\/291"}],"collection":[{"href":"https:\/\/betkingwood.com\/pt-br\/wp-json\/wp\/v2\/pages"}],"about":[{"href":"https:\/\/betkingwood.com\/pt-br\/wp-json\/wp\/v2\/types\/page"}],"author":[{"embeddable":true,"href":"https:\/\/betkingwood.com\/pt-br\/wp-json\/wp\/v2\/users\/1"}],"replies":[{"embeddable":true,"href":"https:\/\/betkingwood.com\/pt-br\/wp-json\/wp\/v2\/comments?post=291"}],"version-history":[{"count":8,"href":"https:\/\/betkingwood.com\/pt-br\/wp-json\/wp\/v2\/pages\/291\/revisions"}],"predecessor-version":[{"id":307,"href":"https:\/\/betkingwood.com\/pt-br\/wp-json\/wp\/v2\/pages\/291\/revisions\/307"}],"wp:attachment":[{"href":"https:\/\/betkingwood.com\/pt-br\/wp-json\/wp\/v2\/media?parent=291"}],"curies":[{"name":"wp","href":"https:\/\/api.w.org\/{rel}","templated":true}]}}